{"id":116,"date":"2017-12-03T23:02:52","date_gmt":"2017-12-03T22:02:52","guid":{"rendered":"http:\/\/www.dr-vintage.com\/?page_id=116"},"modified":"2017-12-04T13:31:29","modified_gmt":"2017-12-04T12:31:29","slug":"accueil-3","status":"publish","type":"page","link":"https:\/\/www.dr-vintage.com\/index.php\/fr\/accueil-3\/","title":{"rendered":"Accueil"},"content":{"rendered":"<p>Bienvenue sur Dr Vintage !<\/p>\n<div class=\"_h8t\">\n<div class=\"_5wd9 direction_ltr\">\n<div class=\"_5wde _n4o\">\n<div class=\"_5w1r _3_om _5wdf\">\n<div class=\"_4gx_\">\n<div class=\"_d97\">\n<p>Le propos de ce site est de VOUS donner l&#8217;opportunit\u00e9 de r\u00e9parer du mat\u00e9riel vintage en demandant de l&#8217;aide aux autres membres de la communaut\u00e9, ou partager votre exp\u00e9rience\u00a0 en aidant les autres, par un diagnostic, une proc\u00e9dure de d\u00e9pannage ou m\u00eame en refilant quelques trucs !<\/p>\n<p>Voyez ce vieux Commodore 64, cette console en mauvais \u00e9tat, ou m\u00eame ce moniteur HS &#8230; Pouvez-vous les remettre en service ? Voulez-vous le faire vous-m\u00eame &#8230; Oui ? Eh bien allons-y, vous ne trouverez peut-\u00eatre pas la r\u00e9ponse tout de suite, mais peut-\u00eatre que quelqu&#8217;un a d\u00e9j\u00e0 r\u00e9pondu \u00e0 cette probl\u00e9matique, conna\u00eet la r\u00e9ponse ou nous rejoindra la semaine prochaine avec la r\u00e9ponse ou une id\u00e9e pour vous aider \u00e0 diagnostique ou carr\u00e9ment r\u00e9parer la machine !<\/p>\n<p>C&#8217;est la raison d&#8217;\u00eatre de la communaut\u00e9 : d\u00e9panner et aider \u00e0 remettre sur les rails ces bonnes vieilles machines, quelles qu&#8217;elles soient, si nous pensons qu&#8217;elles le m\u00e9ritent et que nous voulons le faire.<\/p>\n<p>Je pense qu&#8217;un grand forum est probablement le meilleur moyen d&#8217;organiser et de garder trace des connaissances que nous partageons, en un seul endroit. Alors allons-y !<\/p>\n<p>Attention : beaucoup de choses ici ont affaire avec l&#8217;\u00e9lectronique, et par cons\u00e9quent l&#8217;\u00e9lectricit\u00e9. Vous DEVEZ savoir ce que vous faites en termes de s\u00e9curit\u00e9 et s\u00fbret\u00e9 personnelle quand vous manipulez de telles choses, et prendre toutes les pr\u00e9cautions avant que vous essayiez de r\u00e9parer ou m\u00eame juste ouvrir quelque chose de potentiellement dangereux, voire mortel. Soyez donc prudent, et sis vous n&#8217;\u00eates pas s\u00fbr de comment le faire, ne le faites pas. La responsabilit\u00e9 est la v\u00f4tre.<\/p>\n<p>Vous pouvez \u00e0 pr\u00e9sent rejoindre le coeur de la communaut\u00e9 par le lien forum en haut de cette page.<\/p>\n<p>Profitez !<\/p>\n<\/div>\n<p>Mat<\/p>\n<\/div>\n<\/div>\n<\/div>\n<\/div>\n<\/div>\n","protected":false},"excerpt":{"rendered":"<p>Bienvenue sur Dr Vintage ! Le propos de ce site est de VOUS donner l&#8217;opportunit\u00e9 de r\u00e9parer du mat\u00e9riel vintage en demandant de l&#8217;aide aux autres membres de la communaut\u00e9, ou partager votre exp\u00e9rience\u00a0 en aidant les autres, par un diagnostic, une proc\u00e9dure de d\u00e9pannage ou m\u00eame en refilant quelques \u2026 <a class=\"continue-reading-link\" href=\"https:\/\/www.dr-vintage.com\/index.php\/fr\/accueil-3\/\"> Continue reading <span class=\"meta-nav\">&rarr; <\/span><\/a><\/p>\n","protected":false},"author":1,"featured_media":0,"parent":0,"menu_order":0,"comment_status":"closed","ping_status":"closed","template":"","meta":{"footnotes":""},"_links":{"self":[{"href":"https:\/\/www.dr-vintage.com\/index.php\/wp-json\/wp\/v2\/pages\/116"}],"collection":[{"href":"https:\/\/www.dr-vintage.com\/index.php\/wp-json\/wp\/v2\/pages"}],"about":[{"href":"https:\/\/www.dr-vintage.com\/index.php\/wp-json\/wp\/v2\/types\/page"}],"author":[{"embeddable":true,"href":"https:\/\/www.dr-vintage.com\/index.php\/wp-json\/wp\/v2\/users\/1"}],"replies":[{"embeddable":true,"href":"https:\/\/www.dr-vintage.com\/index.php\/wp-json\/wp\/v2\/comments?post=116"}],"version-history":[{"count":1,"href":"https:\/\/www.dr-vintage.com\/index.php\/wp-json\/wp\/v2\/pages\/116\/revisions"}],"predecessor-version":[{"id":117,"href":"https:\/\/www.dr-vintage.com\/index.php\/wp-json\/wp\/v2\/pages\/116\/revisions\/117"}],"wp:attachment":[{"href":"https:\/\/www.dr-vintage.com\/index.php\/wp-json\/wp\/v2\/media?parent=116"}],"curies":[{"name":"wp","href":"https:\/\/api.w.org\/{rel}","templated":true}]}}