{"id":79,"date":"2017-12-03T20:02:07","date_gmt":"2017-12-03T19:02:07","guid":{"rendered":"http:\/\/www.dr-vintage.com\/?page_id=79"},"modified":"2017-12-04T13:35:52","modified_gmt":"2017-12-04T12:35:52","slug":"accueil-2","status":"publish","type":"page","link":"https:\/\/www.dr-vintage.com\/index.php\/fr\/accueil-2\/","title":{"rendered":"Soutenez-nous"},"content":{"rendered":"<p>Dr Vintage co\u00fbte de l&#8217;argent pour l&#8217;instant, qu&#8217;ils s&#8217;agisse de l&#8217;achat du nom de domaine \u00e0 l&#8217;h\u00e9bergement du site et du forum. Par cons\u00e9quent, si vous aimez l&#8217;id\u00e9e, le forum et souhaitez nous souteneur, vous pouvez nous donner de l&#8217;argent via paypal. Si le site devient autonome financi\u00e8rement, ce lien sera supprim\u00e9.<\/p>\n<p class=\"western\">Compte Paypal : <a href=\"mailto:postmaster@dr-vintage.com\">postmaster@dr-vintage.com<\/a><\/p>\n<p class=\"western\">Merci \ud83d\ude42<\/p>\n","protected":false},"excerpt":{"rendered":"<p>Dr Vintage co\u00fbte de l&#8217;argent pour l&#8217;instant, qu&#8217;ils s&#8217;agisse de l&#8217;achat du nom de domaine \u00e0 l&#8217;h\u00e9bergement du site et du forum. Par cons\u00e9quent, si vous aimez l&#8217;id\u00e9e, le forum et souhaitez nous souteneur, vous pouvez nous donner de l&#8217;argent via paypal. Si le site devient autonome financi\u00e8rement, ce lien \u2026 <a class=\"continue-reading-link\" href=\"https:\/\/www.dr-vintage.com\/index.php\/fr\/accueil-2\/\"> Continue reading <span class=\"meta-nav\">&rarr; <\/span><\/a><\/p>\n","protected":false},"author":1,"featured_media":0,"parent":0,"menu_order":0,"comment_status":"closed","ping_status":"closed","template":"","meta":{"footnotes":""},"_links":{"self":[{"href":"https:\/\/www.dr-vintage.com\/index.php\/wp-json\/wp\/v2\/pages\/79"}],"collection":[{"href":"https:\/\/www.dr-vintage.com\/index.php\/wp-json\/wp\/v2\/pages"}],"about":[{"href":"https:\/\/www.dr-vintage.com\/index.php\/wp-json\/wp\/v2\/types\/page"}],"author":[{"embeddable":true,"href":"https:\/\/www.dr-vintage.com\/index.php\/wp-json\/wp\/v2\/users\/1"}],"replies":[{"embeddable":true,"href":"https:\/\/www.dr-vintage.com\/index.php\/wp-json\/wp\/v2\/comments?post=79"}],"version-history":[{"count":6,"href":"https:\/\/www.dr-vintage.com\/index.php\/wp-json\/wp\/v2\/pages\/79\/revisions"}],"predecessor-version":[{"id":93,"href":"https:\/\/www.dr-vintage.com\/index.php\/wp-json\/wp\/v2\/pages\/79\/revisions\/93"}],"wp:attachment":[{"href":"https:\/\/www.dr-vintage.com\/index.php\/wp-json\/wp\/v2\/media?parent=79"}],"curies":[{"name":"wp","href":"https:\/\/api.w.org\/{rel}","templated":true}]}}